{"id":1730,"date":"2024-07-22T16:15:15","date_gmt":"2024-07-22T15:15:15","guid":{"rendered":"https:\/\/360work.space\/?page_id=1730"},"modified":"2024-07-22T16:17:20","modified_gmt":"2024-07-22T15:17:20","slug":"datenschutz","status":"publish","type":"page","link":"https:\/\/360work.space\/en\/datenschutz","title":{"rendered":"Data Protection"},"content":{"rendered":"<div data-elementor-type=\"wp-page\" data-elementor-id=\"1730\" class=\"elementor elementor-1730\" data-elementor-settings=\"{&quot;ha_cmc_init_switcher&quot;:&quot;no&quot;}\" data-elementor-post-type=\"page\">\n\t\t\t\t\t\t<section class=\"elementor-section elementor-top-section elementor-element elementor-element-521cfda elementor-section-boxed elementor-section-height-default elementor-section-height-default\" data-id=\"521cfda\" data-element_type=\"section\" data-e-type=\"section\" data-settings=\"{&quot;_ha_eqh_enable&quot;:false}\">\n\t\t\t\t\t\t<div class=\"elementor-container elementor-column-gap-default\">\n\t\t\t\t\t<div class=\"elementor-column elementor-col-100 elementor-top-column elementor-element elementor-element-0e2c344\" data-id=\"0e2c344\" data-element_type=\"column\" data-e-type=\"column\">\n\t\t\t<div class=\"elementor-widget-wrap elementor-element-populated\">\n\t\t\t\t\t\t<div class=\"elementor-element elementor-element-7af467b elementor-widget elementor-widget-text-editor\" data-id=\"7af467b\" data-element_type=\"widget\" data-e-type=\"widget\" data-widget_type=\"text-editor.default\">\n\t\t\t\t<div class=\"elementor-widget-container\">\n\t\t\t\t\t\t\t\t\t<p>Privacy Policy<br \/>General information and mandatory information<br \/>Designation of the responsible body<br \/>The responsible body for data processing on this website is<\/p><p>360work.space<\/p><p>Gerresheimer Strasse 86, D\u00fcsseldorf<br \/>40223<\/p><p><span style=\"background-color: var( --e-global-color-d5c23b5 ); color: var( --e-global-color-text ); font-family: var( --e-global-typography-text-font-family ), Sans-serif; font-size: var( --e-global-typography-text-font-size ); font-style: var( --e-global-typography-text-font-style ); font-weight: var( --e-global-typography-text-font-weight );\">The operator of the website is responsible for data protection. You can find his contact details in the imprint of this website.<\/span><\/p><p>Revocation of your consent to data processing<br \/>Some data processing operations are only possible with your express consent. You can revoke your consent at any time. An informal email notification is sufficient to revoke your consent. The legality of the data processing carried out up to the time of revocation remains unaffected by the revocation.<\/p><p>Right to lodge a complaint with the competent supervisory authority<br \/>As a data subject, you have the right to lodge a complaint with the responsible supervisory authority in the event of a violation of data protection law. The responsible supervisory authority for data protection issues is the state data protection officer of the federal state in which our company is based. You can find a list of data protection officers and their contact details under the following link https:\/\/eposo.de\/<\/p><p>Right to data portability<br \/>You have the right to have data that we process automatically based on your consent or in fulfillment of a contract handed over to you or to third parties. The data will be made available in a machine-readable format. If you request that the data be transmitted directly to another controller, this will only be done if it is technically feasible.<\/p><p>Data collection on our website<\/p><p>Cookies<br \/>Our website uses cookies. These are small text files that your web browser stores on your device. Cookies are used to make our service more user-friendly, effective and secure.<\/p><p>Some cookies are so-called &quot;session cookies&quot;. Such cookies are automatically deleted at the end of the browser session. Other cookies, however, remain on your device until you delete them yourself. Such cookies help us to recognize you when you return to our website.<\/p><p>With a modern web browser, you can monitor, restrict or prevent the setting of cookies. Many web browsers can be configured to automatically delete cookies when the program is closed. Disabling cookies may result in limited functionality on our website.<\/p><p>The setting of cookies that are necessary for the implementation of electronic communication processes or the provision of certain functions you have requested (e.g. shopping cart) is based on Art. 6 Para. 1 lit. f GDPR. As website operators, we have a legitimate interest in storing cookies for the technically error-free and smooth provision of our services. If additional cookies are set (e.g. for analysis functions), these will be treated separately in this data protection declaration.<\/p>\t\t\t\t\t\t\t\t<\/div>\n\t\t\t\t<\/div>\n\t\t\t\t\t<\/div>\n\t\t<\/div>\n\t\t\t\t\t<\/div>\n\t\t<\/section>\n\t\t\t\t<\/div>","protected":false},"excerpt":{"rendered":"<p>DatenschutzbestimmungenAllgemeiner Hinweis und PflichtangabenBenennung der verantwortlichen StelleDie verantwortliche Stelle f\u00fcr die Datenverarbeitung auf dieser Website ist 360work.space Gerresheimer Stra\u00dfe 86, D\u00fcsseldorf40223 Verantwortlich f\u00fcr den Datenschutz ist der Betreiber der Website, [&hellip;]<\/p>\n","protected":false},"author":1,"featured_media":0,"parent":0,"menu_order":0,"comment_status":"closed","ping_status":"closed","template":"","meta":{"content-type":"","_price":"","_stock":"","_tribe_ticket_header":"","_tribe_default_ticket_provider":"","_ticket_start_date":"","_ticket_end_date":"","_tribe_ticket_show_description":"","_tribe_ticket_show_not_going":false,"_tribe_ticket_use_global_stock":"","_tribe_ticket_global_stock_level":"","_global_stock_mode":"","_global_stock_cap":"","_tribe_rsvp_for_event":"","_tribe_ticket_going_count":"","_tribe_ticket_not_going_count":"","_tribe_tickets_list":"[]","_tribe_ticket_has_attendee_info_fields":false,"footnotes":""},"class_list":["post-1730","page","type-page","status-publish","hentry"],"yoast_head":"<!-- This site is optimized with the Yoast SEO plugin v26.9 - https:\/\/yoast.com\/product\/yoast-seo-wordpress\/ -->\n<title>Datenschutz - 360workspace<\/title>\n<meta name=\"robots\" content=\"index, follow, max-snippet:-1, max-image-preview:large, max-video-preview:-1\" \/>\n<link rel=\"canonical\" href=\"https:\/\/360work.space\/en\/datenschutz\/\" \/>\n<meta property=\"og:locale\" content=\"en_US\" \/>\n<meta property=\"og:type\" content=\"article\" \/>\n<meta property=\"og:title\" content=\"Datenschutz - 360workspace\" \/>\n<meta property=\"og:description\" content=\"DatenschutzbestimmungenAllgemeiner Hinweis und PflichtangabenBenennung der verantwortlichen StelleDie verantwortliche Stelle f\u00fcr die Datenverarbeitung auf dieser Website ist 360work.space Gerresheimer Stra\u00dfe 86, D\u00fcsseldorf40223 Verantwortlich f\u00fcr den Datenschutz ist der Betreiber der Website, [&hellip;]\" \/>\n<meta property=\"og:url\" content=\"https:\/\/360work.space\/en\/datenschutz\/\" \/>\n<meta property=\"og:site_name\" content=\"360workspace\" \/>\n<meta property=\"article:modified_time\" content=\"2024-07-22T15:17:20+00:00\" \/>\n<meta name=\"twitter:card\" content=\"summary_large_image\" \/>\n<meta name=\"twitter:label1\" content=\"Est. reading time\" \/>\n\t<meta name=\"twitter:data1\" content=\"2 minutes\" \/>\n<script type=\"application\/ld+json\" class=\"yoast-schema-graph\">{\"@context\":\"https:\/\/schema.org\",\"@graph\":[{\"@type\":\"WebPage\",\"@id\":\"https:\/\/360work.space\/datenschutz\",\"url\":\"https:\/\/360work.space\/datenschutz\",\"name\":\"Datenschutz - 360workspace\",\"isPartOf\":{\"@id\":\"https:\/\/360work.space\/#website\"},\"datePublished\":\"2024-07-22T15:15:15+00:00\",\"dateModified\":\"2024-07-22T15:17:20+00:00\",\"breadcrumb\":{\"@id\":\"https:\/\/360work.space\/datenschutz#breadcrumb\"},\"inLanguage\":\"en-US\",\"potentialAction\":[{\"@type\":\"ReadAction\",\"target\":[\"https:\/\/360work.space\/datenschutz\"]}]},{\"@type\":\"BreadcrumbList\",\"@id\":\"https:\/\/360work.space\/datenschutz#breadcrumb\",\"itemListElement\":[{\"@type\":\"ListItem\",\"position\":1,\"name\":\"Home\",\"item\":\"https:\/\/360work.space\/\"},{\"@type\":\"ListItem\",\"position\":2,\"name\":\"Datenschutz\"}]},{\"@type\":\"WebSite\",\"@id\":\"https:\/\/360work.space\/#website\",\"url\":\"https:\/\/360work.space\/\",\"name\":\"360workspace\",\"description\":\"Value Added Coworking Space\",\"publisher\":{\"@id\":\"https:\/\/360work.space\/#organization\"},\"potentialAction\":[{\"@type\":\"SearchAction\",\"target\":{\"@type\":\"EntryPoint\",\"urlTemplate\":\"https:\/\/360work.space\/?s={search_term_string}\"},\"query-input\":{\"@type\":\"PropertyValueSpecification\",\"valueRequired\":true,\"valueName\":\"search_term_string\"}}],\"inLanguage\":\"en-US\"},{\"@type\":\"Organization\",\"@id\":\"https:\/\/360work.space\/#organization\",\"name\":\"360workspace\",\"url\":\"https:\/\/360work.space\/\",\"logo\":{\"@type\":\"ImageObject\",\"inLanguage\":\"en-US\",\"@id\":\"https:\/\/360work.space\/#\/schema\/logo\/image\/\",\"url\":\"https:\/\/i0.wp.com\/360work.space\/wp-content\/uploads\/2024\/01\/360ws_logo_2.png?fit=2008%2C746&ssl=1\",\"contentUrl\":\"https:\/\/i0.wp.com\/360work.space\/wp-content\/uploads\/2024\/01\/360ws_logo_2.png?fit=2008%2C746&ssl=1\",\"width\":2008,\"height\":746,\"caption\":\"360workspace\"},\"image\":{\"@id\":\"https:\/\/360work.space\/#\/schema\/logo\/image\/\"}}]}<\/script>\n<!-- \/ Yoast SEO plugin. -->","yoast_head_json":{"title":"Data protection - 360workspace","robots":{"index":"index","follow":"follow","max-snippet":"max-snippet:-1","max-image-preview":"max-image-preview:large","max-video-preview":"max-video-preview:-1"},"canonical":"https:\/\/360work.space\/en\/datenschutz\/","og_locale":"en_US","og_type":"article","og_title":"Datenschutz - 360workspace","og_description":"DatenschutzbestimmungenAllgemeiner Hinweis und PflichtangabenBenennung der verantwortlichen StelleDie verantwortliche Stelle f\u00fcr die Datenverarbeitung auf dieser Website ist 360work.space Gerresheimer Stra\u00dfe 86, D\u00fcsseldorf40223 Verantwortlich f\u00fcr den Datenschutz ist der Betreiber der Website, [&hellip;]","og_url":"https:\/\/360work.space\/en\/datenschutz\/","og_site_name":"360workspace","article_modified_time":"2024-07-22T15:17:20+00:00","twitter_card":"summary_large_image","twitter_misc":{"Est. reading time":"2 minutes"},"schema":{"@context":"https:\/\/schema.org","@graph":[{"@type":"WebPage","@id":"https:\/\/360work.space\/datenschutz","url":"https:\/\/360work.space\/datenschutz","name":"Data protection - 360workspace","isPartOf":{"@id":"https:\/\/360work.space\/#website"},"datePublished":"2024-07-22T15:15:15+00:00","dateModified":"2024-07-22T15:17:20+00:00","breadcrumb":{"@id":"https:\/\/360work.space\/datenschutz#breadcrumb"},"inLanguage":"en-US","potentialAction":[{"@type":"ReadAction","target":["https:\/\/360work.space\/datenschutz"]}]},{"@type":"BreadcrumbList","@id":"https:\/\/360work.space\/datenschutz#breadcrumb","itemListElement":[{"@type":"ListItem","position":1,"name":"Home","item":"https:\/\/360work.space\/"},{"@type":"ListItem","position":2,"name":"Datenschutz"}]},{"@type":"WebSite","@id":"https:\/\/360work.space\/#website","url":"https:\/\/360work.space\/","name":"360workspace","description":"Value-Added Coworking Space","publisher":{"@id":"https:\/\/360work.space\/#organization"},"potentialAction":[{"@type":"SearchAction","target":{"@type":"EntryPoint","urlTemplate":"https:\/\/360work.space\/?s={search_term_string}"},"query-input":{"@type":"PropertyValueSpecification","valueRequired":true,"valueName":"search_term_string"}}],"inLanguage":"en-US"},{"@type":"Organization","@id":"https:\/\/360work.space\/#organization","name":"360workspace","url":"https:\/\/360work.space\/","logo":{"@type":"ImageObject","inLanguage":"en-US","@id":"https:\/\/360work.space\/#\/schema\/logo\/image\/","url":"https:\/\/i0.wp.com\/360work.space\/wp-content\/uploads\/2024\/01\/360ws_logo_2.png?fit=2008%2C746&ssl=1","contentUrl":"https:\/\/i0.wp.com\/360work.space\/wp-content\/uploads\/2024\/01\/360ws_logo_2.png?fit=2008%2C746&ssl=1","width":2008,"height":746,"caption":"360workspace"},"image":{"@id":"https:\/\/360work.space\/#\/schema\/logo\/image\/"}}]}},"jetpack-related-posts":[],"jetpack_sharing_enabled":true,"_links":{"self":[{"href":"https:\/\/360work.space\/en\/wp-json\/wp\/v2\/pages\/1730","targetHints":{"allow":["GET"]}}],"collection":[{"href":"https:\/\/360work.space\/en\/wp-json\/wp\/v2\/pages"}],"about":[{"href":"https:\/\/360work.space\/en\/wp-json\/wp\/v2\/types\/page"}],"author":[{"embeddable":true,"href":"https:\/\/360work.space\/en\/wp-json\/wp\/v2\/users\/1"}],"replies":[{"embeddable":true,"href":"https:\/\/360work.space\/en\/wp-json\/wp\/v2\/comments?post=1730"}],"version-history":[{"count":5,"href":"https:\/\/360work.space\/en\/wp-json\/wp\/v2\/pages\/1730\/revisions"}],"predecessor-version":[{"id":1736,"href":"https:\/\/360work.space\/en\/wp-json\/wp\/v2\/pages\/1730\/revisions\/1736"}],"wp:attachment":[{"href":"https:\/\/360work.space\/en\/wp-json\/wp\/v2\/media?parent=1730"}],"curies":[{"name":"wp","href":"https:\/\/api.w.org\/{rel}","templated":true}]}}