{"id":1708,"date":"2024-07-22T15:14:27","date_gmt":"2024-07-22T14:14:27","guid":{"rendered":"https:\/\/360work.space\/?page_id=1708"},"modified":"2025-09-16T15:54:33","modified_gmt":"2025-09-16T14:54:33","slug":"impressum","status":"publish","type":"page","link":"https:\/\/360work.space\/en\/impressum","title":{"rendered":"Imprint"},"content":{"rendered":"<div data-elementor-type=\"wp-page\" data-elementor-id=\"1708\" class=\"elementor elementor-1708\" data-elementor-settings=\"{&quot;ha_cmc_init_switcher&quot;:&quot;no&quot;}\" data-elementor-post-type=\"page\">\n\t\t\t\t\t\t<section class=\"elementor-section elementor-top-section elementor-element elementor-element-8d0588c elementor-section-boxed elementor-section-height-default elementor-section-height-default\" data-id=\"8d0588c\" data-element_type=\"section\" data-e-type=\"section\" data-settings=\"{&quot;_ha_eqh_enable&quot;:false}\">\n\t\t\t\t\t\t<div class=\"elementor-container elementor-column-gap-default\">\n\t\t\t\t\t<div class=\"elementor-column elementor-col-100 elementor-top-column elementor-element elementor-element-28b02a6\" data-id=\"28b02a6\" data-element_type=\"column\" data-e-type=\"column\">\n\t\t\t<div class=\"elementor-widget-wrap elementor-element-populated\">\n\t\t\t\t\t\t<div class=\"elementor-element elementor-element-2d9abb6 elementor-widget elementor-widget-text-editor\" data-id=\"2d9abb6\" data-element_type=\"widget\" data-e-type=\"widget\" data-widget_type=\"text-editor.default\">\n\t\t\t\t<div class=\"elementor-widget-container\">\n\t\t\t\t\t\t\t\t\t<p>Information according to \u00a7 5 TMG:<\/p>\n<p>BDT Group GmbH<br>Gerresheimer Strasse 86<br>40233 Dusseldorf<\/p>\n<p>Contact:<\/p>\n<p>Phone: +49 211 822 00 80<\/p>\n<p>Email: info@360work.space<\/p>\n<p>Represented by:<br>Managing Director: Mehmet Y\u00fcksel<br>Tax ID: 133\/5807\/3882<br>VAT ID: DE364948055<\/p>\n<p>VAT identification number according to Section 27a of the Sales Tax Law:<br>Responsible for the content according to \u00a7 55 para. 2 RStV:<\/p>\nBDT Group GmbH<br><p>Gerresheimer Strasse 86<br>40233 Dusseldorf<\/p>\n<p>Exclusion of liability (Disclaimer):<\/p>\n<p>Liability for content<\/p>\n<p>The contents of our pages have been created with the greatest care. However, we cannot accept any liability for the accuracy, completeness and timeliness of the contents. As service providers, we are liable for own contents of these pages in accordance with Section 7 Para.1 German Telemedia Act (TMG). However, according to Sections 8 to 10 German Telemedia Act (TMG), service providers are not obligated to monitor submitted or stored information or to search for evidences that indicate illegal activities. Legal obligations to removing information or to blocking the use of information remain unchallenged. In this case, liability is only possible at the time of knowledge about a specific violation of law. If we become aware of such violations of law, we will remove this content immediately.<\/p>\n<p>Liability for links<\/p>\n<p>Our offer contains links to external third-party websites over whose content we have no influence. We therefore cannot accept any liability for this external content. The respective provider or operator of the pages is always responsible for the content of the linked pages. The linked pages were checked for possible legal violations at the time of linking. Illegal content was not recognizable at the time of linking. However, permanent control of the content of the linked pages is not reasonable without concrete evidence of a legal violation. If we become aware of any legal violations, we will remove such links immediately.<\/p>\n<p>copyright<\/p>\n<p>The content and works on these pages created by the site operators are subject to German copyright law. Duplication, processing, distribution and any type of exploitation outside the limits of copyright law require the written consent of the respective author or creator. Downloads and copies of this page are only permitted for private, non-commercial use. Insofar as the content on this page was not created by the operator, the copyrights of third parties are observed. In particular, third-party content is marked as such. Should you nevertheless become aware of a copyright infringement, we ask you to notify us accordingly. If we become aware of any infringements, we will remove such content immediately.<\/p>\n<p>Translated with DeepL.com (free version)<\/p>\t\t\t\t\t\t\t\t<\/div>\n\t\t\t\t<\/div>\n\t\t\t\t\t<\/div>\n\t\t<\/div>\n\t\t\t\t\t<\/div>\n\t\t<\/section>\n\t\t\t\t<\/div>","protected":false},"excerpt":{"rendered":"<p>Informationen gem\u00e4\u00df \u00a7 5 TMG: BDT Group GmbHGerresheimer Stra\u00dfe 8640233 D\u00fcsseldorf Kontakt: Telefon: +49 211 822 00 80 E-Mail: info@360work.space Vertreten durch:Gesch\u00e4ftsf\u00fchrer: Mehmet Y\u00fckselSteuer-ID: 133\/5807\/3882USt-ID: DE364948055 Umsatzsteuer-Identifikationsnummer gem\u00e4\u00df \u00a727 a [&hellip;]<\/p>\n","protected":false},"author":1,"featured_media":0,"parent":0,"menu_order":0,"comment_status":"closed","ping_status":"closed","template":"","meta":{"content-type":"","_price":"","_stock":"","_tribe_ticket_header":"","_tribe_default_ticket_provider":"","_ticket_start_date":"","_ticket_end_date":"","_tribe_ticket_show_description":"","_tribe_ticket_show_not_going":false,"_tribe_ticket_use_global_stock":"","_tribe_ticket_global_stock_level":"","_global_stock_mode":"","_global_stock_cap":"","_tribe_rsvp_for_event":"","_tribe_ticket_going_count":"","_tribe_ticket_not_going_count":"","_tribe_tickets_list":"[]","_tribe_ticket_has_attendee_info_fields":false,"footnotes":""},"class_list":["post-1708","page","type-page","status-publish","hentry"],"yoast_head":"<!-- This site is optimized with the Yoast SEO plugin v26.9 - https:\/\/yoast.com\/product\/yoast-seo-wordpress\/ -->\n<title>Impressum - 360workspace<\/title>\n<meta name=\"robots\" content=\"index, follow, max-snippet:-1, max-image-preview:large, max-video-preview:-1\" \/>\n<link rel=\"canonical\" href=\"https:\/\/360work.space\/en\/impressum\/\" \/>\n<meta property=\"og:locale\" content=\"en_US\" \/>\n<meta property=\"og:type\" content=\"article\" \/>\n<meta property=\"og:title\" content=\"Impressum - 360workspace\" \/>\n<meta property=\"og:description\" content=\"Informationen gem\u00e4\u00df \u00a7 5 TMG: BDT Group GmbHGerresheimer Stra\u00dfe 8640233 D\u00fcsseldorf Kontakt: Telefon: +49 211 822 00 80 E-Mail: info@360work.space Vertreten durch:Gesch\u00e4ftsf\u00fchrer: Mehmet Y\u00fckselSteuer-ID: 133\/5807\/3882USt-ID: DE364948055 Umsatzsteuer-Identifikationsnummer gem\u00e4\u00df \u00a727 a [&hellip;]\" \/>\n<meta property=\"og:url\" content=\"https:\/\/360work.space\/en\/impressum\/\" \/>\n<meta property=\"og:site_name\" content=\"360workspace\" \/>\n<meta property=\"article:modified_time\" content=\"2025-09-16T14:54:33+00:00\" \/>\n<meta name=\"twitter:card\" content=\"summary_large_image\" \/>\n<meta name=\"twitter:label1\" content=\"Est. reading time\" \/>\n\t<meta name=\"twitter:data1\" content=\"2 minutes\" \/>\n<script type=\"application\/ld+json\" class=\"yoast-schema-graph\">{\"@context\":\"https:\/\/schema.org\",\"@graph\":[{\"@type\":\"WebPage\",\"@id\":\"https:\/\/360work.space\/impressum\",\"url\":\"https:\/\/360work.space\/impressum\",\"name\":\"Impressum - 360workspace\",\"isPartOf\":{\"@id\":\"https:\/\/360work.space\/#website\"},\"datePublished\":\"2024-07-22T14:14:27+00:00\",\"dateModified\":\"2025-09-16T14:54:33+00:00\",\"breadcrumb\":{\"@id\":\"https:\/\/360work.space\/impressum#breadcrumb\"},\"inLanguage\":\"en-US\",\"potentialAction\":[{\"@type\":\"ReadAction\",\"target\":[\"https:\/\/360work.space\/impressum\"]}]},{\"@type\":\"BreadcrumbList\",\"@id\":\"https:\/\/360work.space\/impressum#breadcrumb\",\"itemListElement\":[{\"@type\":\"ListItem\",\"position\":1,\"name\":\"Home\",\"item\":\"https:\/\/360work.space\/\"},{\"@type\":\"ListItem\",\"position\":2,\"name\":\"Impressum\"}]},{\"@type\":\"WebSite\",\"@id\":\"https:\/\/360work.space\/#website\",\"url\":\"https:\/\/360work.space\/\",\"name\":\"360workspace\",\"description\":\"Value Added Coworking Space\",\"publisher\":{\"@id\":\"https:\/\/360work.space\/#organization\"},\"potentialAction\":[{\"@type\":\"SearchAction\",\"target\":{\"@type\":\"EntryPoint\",\"urlTemplate\":\"https:\/\/360work.space\/?s={search_term_string}\"},\"query-input\":{\"@type\":\"PropertyValueSpecification\",\"valueRequired\":true,\"valueName\":\"search_term_string\"}}],\"inLanguage\":\"en-US\"},{\"@type\":\"Organization\",\"@id\":\"https:\/\/360work.space\/#organization\",\"name\":\"360workspace\",\"url\":\"https:\/\/360work.space\/\",\"logo\":{\"@type\":\"ImageObject\",\"inLanguage\":\"en-US\",\"@id\":\"https:\/\/360work.space\/#\/schema\/logo\/image\/\",\"url\":\"https:\/\/i0.wp.com\/360work.space\/wp-content\/uploads\/2024\/01\/360ws_logo_2.png?fit=2008%2C746&ssl=1\",\"contentUrl\":\"https:\/\/i0.wp.com\/360work.space\/wp-content\/uploads\/2024\/01\/360ws_logo_2.png?fit=2008%2C746&ssl=1\",\"width\":2008,\"height\":746,\"caption\":\"360workspace\"},\"image\":{\"@id\":\"https:\/\/360work.space\/#\/schema\/logo\/image\/\"}}]}<\/script>\n<!-- \/ Yoast SEO plugin. -->","yoast_head_json":{"title":"Impressum - 360workspace","robots":{"index":"index","follow":"follow","max-snippet":"max-snippet:-1","max-image-preview":"max-image-preview:large","max-video-preview":"max-video-preview:-1"},"canonical":"https:\/\/360work.space\/en\/impressum\/","og_locale":"en_US","og_type":"article","og_title":"Impressum - 360workspace","og_description":"Informationen gem\u00e4\u00df \u00a7 5 TMG: BDT Group GmbHGerresheimer Stra\u00dfe 8640233 D\u00fcsseldorf Kontakt: Telefon: +49 211 822 00 80 E-Mail: info@360work.space Vertreten durch:Gesch\u00e4ftsf\u00fchrer: Mehmet Y\u00fckselSteuer-ID: 133\/5807\/3882USt-ID: DE364948055 Umsatzsteuer-Identifikationsnummer gem\u00e4\u00df \u00a727 a [&hellip;]","og_url":"https:\/\/360work.space\/en\/impressum\/","og_site_name":"360workspace","article_modified_time":"2025-09-16T14:54:33+00:00","twitter_card":"summary_large_image","twitter_misc":{"Est. reading time":"2 minutes"},"schema":{"@context":"https:\/\/schema.org","@graph":[{"@type":"WebPage","@id":"https:\/\/360work.space\/impressum","url":"https:\/\/360work.space\/impressum","name":"Impressum - 360workspace","isPartOf":{"@id":"https:\/\/360work.space\/#website"},"datePublished":"2024-07-22T14:14:27+00:00","dateModified":"2025-09-16T14:54:33+00:00","breadcrumb":{"@id":"https:\/\/360work.space\/impressum#breadcrumb"},"inLanguage":"en-US","potentialAction":[{"@type":"ReadAction","target":["https:\/\/360work.space\/impressum"]}]},{"@type":"BreadcrumbList","@id":"https:\/\/360work.space\/impressum#breadcrumb","itemListElement":[{"@type":"ListItem","position":1,"name":"Home","item":"https:\/\/360work.space\/"},{"@type":"ListItem","position":2,"name":"Impressum"}]},{"@type":"WebSite","@id":"https:\/\/360work.space\/#website","url":"https:\/\/360work.space\/","name":"360workspace","description":"Value-Added Coworking Space","publisher":{"@id":"https:\/\/360work.space\/#organization"},"potentialAction":[{"@type":"SearchAction","target":{"@type":"EntryPoint","urlTemplate":"https:\/\/360work.space\/?s={search_term_string}"},"query-input":{"@type":"PropertyValueSpecification","valueRequired":true,"valueName":"search_term_string"}}],"inLanguage":"en-US"},{"@type":"Organization","@id":"https:\/\/360work.space\/#organization","name":"360workspace","url":"https:\/\/360work.space\/","logo":{"@type":"ImageObject","inLanguage":"en-US","@id":"https:\/\/360work.space\/#\/schema\/logo\/image\/","url":"https:\/\/i0.wp.com\/360work.space\/wp-content\/uploads\/2024\/01\/360ws_logo_2.png?fit=2008%2C746&ssl=1","contentUrl":"https:\/\/i0.wp.com\/360work.space\/wp-content\/uploads\/2024\/01\/360ws_logo_2.png?fit=2008%2C746&ssl=1","width":2008,"height":746,"caption":"360workspace"},"image":{"@id":"https:\/\/360work.space\/#\/schema\/logo\/image\/"}}]}},"jetpack-related-posts":[],"jetpack_sharing_enabled":true,"_links":{"self":[{"href":"https:\/\/360work.space\/en\/wp-json\/wp\/v2\/pages\/1708","targetHints":{"allow":["GET"]}}],"collection":[{"href":"https:\/\/360work.space\/en\/wp-json\/wp\/v2\/pages"}],"about":[{"href":"https:\/\/360work.space\/en\/wp-json\/wp\/v2\/types\/page"}],"author":[{"embeddable":true,"href":"https:\/\/360work.space\/en\/wp-json\/wp\/v2\/users\/1"}],"replies":[{"embeddable":true,"href":"https:\/\/360work.space\/en\/wp-json\/wp\/v2\/comments?post=1708"}],"version-history":[{"count":5,"href":"https:\/\/360work.space\/en\/wp-json\/wp\/v2\/pages\/1708\/revisions"}],"predecessor-version":[{"id":2288,"href":"https:\/\/360work.space\/en\/wp-json\/wp\/v2\/pages\/1708\/revisions\/2288"}],"wp:attachment":[{"href":"https:\/\/360work.space\/en\/wp-json\/wp\/v2\/media?parent=1708"}],"curies":[{"name":"wp","href":"https:\/\/api.w.org\/{rel}","templated":true}]}}